{"id":37,"date":"2023-06-01T09:38:47","date_gmt":"2023-06-01T09:38:47","guid":{"rendered":"https:\/\/caderinteriorisme.com\/?page_id=37"},"modified":"2025-10-30T17:26:19","modified_gmt":"2025-10-30T17:26:19","slug":"about","status":"publish","type":"page","link":"https:\/\/caderinteriorisme.com\/?page_id=37","title":{"rendered":"Qui\u00e9nes somos"},"content":{"rendered":"\t\t<div data-elementor-type=\"wp-page\" data-elementor-id=\"37\" class=\"elementor elementor-37\" data-elementor-post-type=\"page\">\n\t\t\t\t\t\t<section class=\"elementor-section elementor-top-section elementor-element elementor-element-1949bc56 elementor-section-full_width elementor-section-height-default elementor-section-height-default\" data-id=\"1949bc56\" data-element_type=\"section\" data-e-type=\"section\">\n\t\t\t\t\t\t<div class=\"elementor-container elementor-column-gap-default\">\n\t\t\t\t\t<div class=\"elementor-column elementor-col-50 elementor-top-column elementor-element elementor-element-6110d42d\" data-id=\"6110d42d\" data-element_type=\"column\" data-e-type=\"column\">\n\t\t\t<div class=\"elementor-widget-wrap elementor-element-populated\">\n\t\t\t\t\t\t<div class=\"elementor-element elementor-element-53f0be95 elementor-widget elementor-widget-heading\" data-id=\"53f0be95\" data-element_type=\"widget\" data-e-type=\"widget\" data-widget_type=\"heading.default\">\n\t\t\t\t<div class=\"elementor-widget-container\">\n\t\t\t\t\t<h1 class=\"elementor-heading-title elementor-size-default\">TUS sue\u00f1os cobran <b>vida<\/b><\/h1>\t\t\t\t<\/div>\n\t\t\t\t<\/div>\n\t\t\t\t\t<\/div>\n\t\t<\/div>\n\t\t\t\t<div class=\"elementor-column elementor-col-50 elementor-top-column elementor-element elementor-element-4f2ae81d\" data-id=\"4f2ae81d\" data-element_type=\"column\" data-e-type=\"column\">\n\t\t\t<div class=\"elementor-widget-wrap elementor-element-populated\">\n\t\t\t\t\t\t<div class=\"elementor-element elementor-element-38faf88c elementor-widget elementor-widget-text-editor\" data-id=\"38faf88c\" data-element_type=\"widget\" data-e-type=\"widget\" data-widget_type=\"text-editor.default\">\n\t\t\t\t<div class=\"elementor-widget-container\">\n\t\t\t\t\t\t\t\t\t<p>Cader le ofrece una cocina a medida y totalmente personalizable, en cuanto a colores y materiales, sin salirse de un presupuesto de notables prestaciones.<\/p><p>La precisi\u00f3n y pureza de las l\u00edneas dan fe del compromiso que caracteriza a Cader. Cada cocina se fabrica a medida utilizando t\u00e9cnicas artesanales y tecnolog\u00eda punta para satisfacer las necesidades individuales de cada cliente.\u00a0<\/p>\t\t\t\t\t\t\t\t<\/div>\n\t\t\t\t<\/div>\n\t\t\t\t\t<\/div>\n\t\t<\/div>\n\t\t\t\t\t<\/div>\n\t\t<\/section>\n\t\t\t\t<section class=\"elementor-section elementor-top-section elementor-element elementor-element-674efbdc elementor-section-full_width elementor-section-height-default elementor-section-height-default\" data-id=\"674efbdc\" data-element_type=\"section\" data-e-type=\"section\">\n\t\t\t\t\t\t<div class=\"elementor-container elementor-column-gap-default\">\n\t\t\t\t\t<div class=\"elementor-column elementor-col-100 elementor-top-column elementor-element elementor-element-549f8cf2\" data-id=\"549f8cf2\" data-element_type=\"column\" data-e-type=\"column\">\n\t\t\t<div class=\"elementor-widget-wrap elementor-element-populated\">\n\t\t\t\t\t\t<div class=\"elementor-element elementor-element-1e8dc299 elementor-widget elementor-widget-image\" data-id=\"1e8dc299\" data-element_type=\"widget\" data-e-type=\"widget\" data-settings=\"{&quot;motion_fx_motion_fx_scrolling&quot;:&quot;yes&quot;,&quot;motion_fx_devices&quot;:[&quot;desktop&quot;,&quot;tablet&quot;,&quot;mobile&quot;]}\" data-widget_type=\"image.default\">\n\t\t\t\t<div class=\"elementor-widget-container\">\n\t\t\t\t\t\t\t\t\t\t\t\t\t\t\t<img fetchpriority=\"high\" decoding=\"async\" width=\"1800\" height=\"1200\" src=\"https:\/\/caderinteriorisme.com\/wp-content\/uploads\/2023\/06\/l-living-32.jpeg\" class=\"attachment-full size-full wp-image-323\" alt=\"\" srcset=\"https:\/\/caderinteriorisme.com\/wp-content\/uploads\/2023\/06\/l-living-32.jpeg 1800w, https:\/\/caderinteriorisme.com\/wp-content\/uploads\/2023\/06\/l-living-32-300x200.jpeg 300w, https:\/\/caderinteriorisme.com\/wp-content\/uploads\/2023\/06\/l-living-32-1024x683.jpeg 1024w, https:\/\/caderinteriorisme.com\/wp-content\/uploads\/2023\/06\/l-living-32-768x512.jpeg 768w, https:\/\/caderinteriorisme.com\/wp-content\/uploads\/2023\/06\/l-living-32-1536x1024.jpeg 1536w\" sizes=\"(max-width: 1800px) 100vw, 1800px\" \/>\t\t\t\t\t\t\t\t\t\t\t\t\t\t\t<\/div>\n\t\t\t\t<\/div>\n\t\t\t\t\t<\/div>\n\t\t<\/div>\n\t\t\t\t\t<\/div>\n\t\t<\/section>\n\t\t\t\t<section class=\"elementor-section elementor-top-section elementor-element elementor-element-34d4d352 elementor-section-full_width elementor-section-height-default elementor-section-height-default\" data-id=\"34d4d352\" data-element_type=\"section\" data-e-type=\"section\">\n\t\t\t\t\t\t<div class=\"elementor-container elementor-column-gap-default\">\n\t\t\t\t\t<div class=\"elementor-column elementor-col-50 elementor-top-column elementor-element elementor-element-3347c7f2\" data-id=\"3347c7f2\" data-element_type=\"column\" data-e-type=\"column\">\n\t\t\t<div class=\"elementor-widget-wrap elementor-element-populated\">\n\t\t\t\t\t\t<section class=\"elementor-section elementor-inner-section elementor-element elementor-element-1ddb3dff elementor-section-height-min-height elementor-section-boxed elementor-section-height-default\" data-id=\"1ddb3dff\" data-element_type=\"section\" data-e-type=\"section\" data-settings=\"{&quot;motion_fx_motion_fx_scrolling&quot;:&quot;yes&quot;,&quot;motion_fx_translateY_effect&quot;:&quot;yes&quot;,&quot;motion_fx_translateY_direction&quot;:&quot;negative&quot;,&quot;motion_fx_translateY_speed&quot;:{&quot;unit&quot;:&quot;px&quot;,&quot;size&quot;:&quot;1&quot;,&quot;sizes&quot;:[]},&quot;motion_fx_devices&quot;:[&quot;desktop&quot;],&quot;motion_fx_translateY_affectedRange&quot;:{&quot;unit&quot;:&quot;%&quot;,&quot;size&quot;:&quot;&quot;,&quot;sizes&quot;:{&quot;start&quot;:0,&quot;end&quot;:100}}}\">\n\t\t\t\t\t\t<div class=\"elementor-container elementor-column-gap-default\">\n\t\t\t\t\t<div class=\"elementor-column elementor-col-100 elementor-inner-column elementor-element elementor-element-10048e06\" data-id=\"10048e06\" data-element_type=\"column\" data-e-type=\"column\">\n\t\t\t<div class=\"elementor-widget-wrap elementor-element-populated\">\n\t\t\t\t\t\t<div class=\"elementor-element elementor-element-619a8cb3 elementor-widget elementor-widget-heading\" data-id=\"619a8cb3\" data-element_type=\"widget\" data-e-type=\"widget\" data-widget_type=\"heading.default\">\n\t\t\t\t<div class=\"elementor-widget-container\">\n\t\t\t\t\t<h2 class=\"elementor-heading-title elementor-size-default\">nuestros <b>logros<\/b><\/h2>\t\t\t\t<\/div>\n\t\t\t\t<\/div>\n\t\t\t\t<div class=\"elementor-element elementor-element-3ef06e3c elementor-widget elementor-widget-text-editor\" data-id=\"3ef06e3c\" data-element_type=\"widget\" data-e-type=\"widget\" data-widget_type=\"text-editor.default\">\n\t\t\t\t<div class=\"elementor-widget-container\">\n\t\t\t\t\t\t\t\t\tEncontrar\u00e1 algunas fotos de nuestras realizaciones, apreciar\u00e1 el cuidado puesto en la instalaci\u00f3n de nuestros productos, los colores y las combinaciones de materiales utilizados para sublimar los espacios.\t\t\t\t\t\t\t\t<\/div>\n\t\t\t\t<\/div>\n\t\t\t\t\t<\/div>\n\t\t<\/div>\n\t\t\t\t\t<\/div>\n\t\t<\/section>\n\t\t\t\t\t<\/div>\n\t\t<\/div>\n\t\t\t\t<div class=\"elementor-column elementor-col-50 elementor-top-column elementor-element elementor-element-1758320f\" data-id=\"1758320f\" data-element_type=\"column\" data-e-type=\"column\">\n\t\t\t<div class=\"elementor-widget-wrap elementor-element-populated\">\n\t\t\t\t\t\t<div class=\"elementor-element elementor-element-6da4722 elementor-widget elementor-widget-image\" data-id=\"6da4722\" data-element_type=\"widget\" data-e-type=\"widget\" data-widget_type=\"image.default\">\n\t\t\t\t<div class=\"elementor-widget-container\">\n\t\t\t\t\t\t\t\t\t\t\t\t\t\t\t<img decoding=\"async\" width=\"800\" height=\"600\" src=\"https:\/\/caderinteriorisme.com\/wp-content\/uploads\/2023\/06\/l-living-7.jpeg\" class=\"attachment-large size-large wp-image-298\" alt=\"\" srcset=\"https:\/\/caderinteriorisme.com\/wp-content\/uploads\/2023\/06\/l-living-7.jpeg 800w, https:\/\/caderinteriorisme.com\/wp-content\/uploads\/2023\/06\/l-living-7-300x225.jpeg 300w, https:\/\/caderinteriorisme.com\/wp-content\/uploads\/2023\/06\/l-living-7-768x576.jpeg 768w\" sizes=\"(max-width: 800px) 100vw, 800px\" \/>\t\t\t\t\t\t\t\t\t\t\t\t\t\t\t<\/div>\n\t\t\t\t<\/div>\n\t\t\t\t\t<\/div>\n\t\t<\/div>\n\t\t\t\t\t<\/div>\n\t\t<\/section>\n\t\t\t\t<\/div>\n\t\t","protected":false},"excerpt":{"rendered":"<p>TUS sue\u00f1os cobran vida Cader le ofrece una cocina a medida y totalmente personalizable, en cuanto a colores y materiales, sin salirse de un presupuesto de notables prestaciones. La precisi\u00f3n y pureza de las l\u00edneas dan fe del compromiso que caracteriza a Cader. Cada cocina se fabrica a medida utilizando t\u00e9cnicas artesanales y tecnolog\u00eda punta [&hellip;]<\/p>\n","protected":false},"author":1,"featured_media":0,"parent":0,"menu_order":0,"comment_status":"closed","ping_status":"closed","template":"elementor_header_footer","meta":{"footnotes":""},"class_list":["post-37","page","type-page","status-publish","hentry"],"_links":{"self":[{"href":"https:\/\/caderinteriorisme.com\/index.php?rest_route=\/wp\/v2\/pages\/37","targetHints":{"allow":["GET"]}}],"collection":[{"href":"https:\/\/caderinteriorisme.com\/index.php?rest_route=\/wp\/v2\/pages"}],"about":[{"href":"https:\/\/caderinteriorisme.com\/index.php?rest_route=\/wp\/v2\/types\/page"}],"author":[{"embeddable":true,"href":"https:\/\/caderinteriorisme.com\/index.php?rest_route=\/wp\/v2\/users\/1"}],"replies":[{"embeddable":true,"href":"https:\/\/caderinteriorisme.com\/index.php?rest_route=%2Fwp%2Fv2%2Fcomments&post=37"}],"version-history":[{"count":15,"href":"https:\/\/caderinteriorisme.com\/index.php?rest_route=\/wp\/v2\/pages\/37\/revisions"}],"predecessor-version":[{"id":494,"href":"https:\/\/caderinteriorisme.com\/index.php?rest_route=\/wp\/v2\/pages\/37\/revisions\/494"}],"wp:attachment":[{"href":"https:\/\/caderinteriorisme.com\/index.php?rest_route=%2Fwp%2Fv2%2Fmedia&parent=37"}],"curies":[{"name":"wp","href":"https:\/\/api.w.org\/{rel}","templated":true}]}}