{"id":194,"date":"2023-06-03T07:04:34","date_gmt":"2023-06-03T07:04:34","guid":{"rendered":"https:\/\/caderinteriorisme.com\/?page_id=194"},"modified":"2025-12-02T15:58:32","modified_gmt":"2025-12-02T15:58:32","slug":"portfolio-bathroom","status":"publish","type":"page","link":"https:\/\/caderinteriorisme.com\/?page_id=194","title":{"rendered":"Cuarto de ba\u00f1o"},"content":{"rendered":"\t\t<div data-elementor-type=\"wp-page\" data-elementor-id=\"194\" class=\"elementor elementor-194\" data-elementor-post-type=\"page\">\n\t\t\t\t\t\t<section class=\"elementor-section elementor-top-section elementor-element elementor-element-74507423 elementor-section-full_width elementor-section-height-default elementor-section-height-default\" data-id=\"74507423\" data-element_type=\"section\" data-e-type=\"section\">\n\t\t\t\t\t\t<div class=\"elementor-container elementor-column-gap-default\">\n\t\t\t\t\t<div class=\"elementor-column elementor-col-50 elementor-top-column elementor-element elementor-element-6465b261\" data-id=\"6465b261\" data-element_type=\"column\" data-e-type=\"column\">\n\t\t\t<div class=\"elementor-widget-wrap elementor-element-populated\">\n\t\t\t\t\t\t<div class=\"elementor-element elementor-element-22309a4 elementor-widget elementor-widget-heading\" data-id=\"22309a4\" data-element_type=\"widget\" data-e-type=\"widget\" data-widget_type=\"heading.default\">\n\t\t\t\t<div class=\"elementor-widget-container\">\n\t\t\t\t\t<h1 class=\"elementor-heading-title elementor-size-default\"><b>BA\u00d1O<\/b><\/h1>\t\t\t\t<\/div>\n\t\t\t\t<\/div>\n\t\t\t\t\t<\/div>\n\t\t<\/div>\n\t\t\t\t<div class=\"elementor-column elementor-col-50 elementor-top-column elementor-element elementor-element-1e20ae4\" data-id=\"1e20ae4\" data-element_type=\"column\" data-e-type=\"column\">\n\t\t\t<div class=\"elementor-widget-wrap elementor-element-populated\">\n\t\t\t\t\t\t<div class=\"elementor-element elementor-element-4e1a222 elementor-widget elementor-widget-heading\" data-id=\"4e1a222\" data-element_type=\"widget\" data-e-type=\"widget\" data-widget_type=\"heading.default\">\n\t\t\t\t<div class=\"elementor-widget-container\">\n\t\t\t\t\t<h1 class=\"elementor-heading-title elementor-size-default\">ACOGEDOR, C\u00c1LIDO Y ACOGEDOR<\/h1>\t\t\t\t<\/div>\n\t\t\t\t<\/div>\n\t\t\t\t<div class=\"elementor-element elementor-element-30983473 elementor-widget elementor-widget-text-editor\" data-id=\"30983473\" data-element_type=\"widget\" data-e-type=\"widget\" data-widget_type=\"text-editor.default\">\n\t\t\t\t<div class=\"elementor-widget-container\">\n\t\t\t\t\t\t\t\t\tAs\u00ed es como nos gustan los ba\u00f1os en Logos. \u00bfY a usted? Tenga lo que tenga en mente, Logos le ayudar\u00e1 a darle vida. Para hacerse una idea, eche un vistazo a algunos de nuestros modelos. Abra su mente a la imaginaci\u00f3n.\t\t\t\t\t\t\t\t<\/div>\n\t\t\t\t<\/div>\n\t\t\t\t\t<\/div>\n\t\t<\/div>\n\t\t\t\t\t<\/div>\n\t\t<\/section>\n\t\t\t\t<section class=\"elementor-section elementor-top-section elementor-element elementor-element-8f52641 elementor-section-full_width elementor-section-height-default elementor-section-height-default\" data-id=\"8f52641\" data-element_type=\"section\" data-e-type=\"section\">\n\t\t\t\t\t\t<div class=\"elementor-container elementor-column-gap-default\">\n\t\t\t\t\t<div class=\"elementor-column elementor-col-100 elementor-top-column elementor-element elementor-element-1e26c29e\" data-id=\"1e26c29e\" data-element_type=\"column\" data-e-type=\"column\">\n\t\t\t<div class=\"elementor-widget-wrap elementor-element-populated\">\n\t\t\t\t\t\t<div class=\"elementor-element elementor-element-edf2f38 elementor-widget elementor-widget-gallery\" data-id=\"edf2f38\" data-element_type=\"widget\" data-e-type=\"widget\" data-settings=\"{&quot;gallery_layout&quot;:&quot;masonry&quot;,&quot;columns&quot;:3,&quot;lazyload&quot;:&quot;yes&quot;,&quot;columns_tablet&quot;:2,&quot;columns_mobile&quot;:1,&quot;gap&quot;:{&quot;unit&quot;:&quot;px&quot;,&quot;size&quot;:10,&quot;sizes&quot;:[]},&quot;gap_tablet&quot;:{&quot;unit&quot;:&quot;px&quot;,&quot;size&quot;:10,&quot;sizes&quot;:[]},&quot;gap_mobile&quot;:{&quot;unit&quot;:&quot;px&quot;,&quot;size&quot;:10,&quot;sizes&quot;:[]},&quot;link_to&quot;:&quot;file&quot;,&quot;overlay_background&quot;:&quot;yes&quot;,&quot;content_hover_animation&quot;:&quot;fade-in&quot;}\" data-widget_type=\"gallery.default\">\n\t\t\t\t<div class=\"elementor-widget-container\">\n\t\t\t\t\t\t\t<div class=\"elementor-gallery__container\">\n\t\t\t\t\t\t\t<a class=\"e-gallery-item elementor-gallery-item elementor-animated-content\" href=\"https:\/\/caderinteriorisme.com\/wp-content\/uploads\/2023\/06\/cader_ig-14n.jpg\" data-elementor-open-lightbox=\"yes\" data-elementor-lightbox-slideshow=\"edf2f38\" data-elementor-lightbox-title=\"cader_ig-14n\" data-e-action-hash=\"#elementor-action%3Aaction%3Dlightbox%26settings%3DeyJpZCI6MTk3LCJ1cmwiOiJodHRwczpcL1wvY2FkZXJpbnRlcmlvcmlzbWUuY29tXC93cC1jb250ZW50XC91cGxvYWRzXC8yMDIzXC8wNlwvY2FkZXJfaWctMTRuLmpwZyIsInNsaWRlc2hvdyI6ImVkZjJmMzgifQ%3D%3D\">\n\t\t\t\t\t<div class=\"e-gallery-image elementor-gallery-item__image\" data-thumbnail=\"https:\/\/caderinteriorisme.com\/wp-content\/uploads\/2023\/06\/cader_ig-14n.jpg\" data-width=\"480\" data-height=\"600\" aria-label=\"\" role=\"img\" ><\/div>\n\t\t\t\t\t\t\t\t\t\t\t<div class=\"elementor-gallery-item__overlay\"><\/div>\n\t\t\t\t\t\t\t\t\t\t\t\t\t\t<\/a>\n\t\t\t\t\t\t\t<a class=\"e-gallery-item elementor-gallery-item elementor-animated-content\" href=\"https:\/\/caderinteriorisme.com\/wp-content\/uploads\/2023\/06\/cader_ig-44n.jpg\" data-elementor-open-lightbox=\"yes\" data-elementor-lightbox-slideshow=\"edf2f38\" data-elementor-lightbox-title=\"cader_ig-44n\" data-e-action-hash=\"#elementor-action%3Aaction%3Dlightbox%26settings%3DeyJpZCI6MTk4LCJ1cmwiOiJodHRwczpcL1wvY2FkZXJpbnRlcmlvcmlzbWUuY29tXC93cC1jb250ZW50XC91cGxvYWRzXC8yMDIzXC8wNlwvY2FkZXJfaWctNDRuLmpwZyIsInNsaWRlc2hvdyI6ImVkZjJmMzgifQ%3D%3D\">\n\t\t\t\t\t<div class=\"e-gallery-image elementor-gallery-item__image\" data-thumbnail=\"https:\/\/caderinteriorisme.com\/wp-content\/uploads\/2023\/06\/cader_ig-44n.jpg\" data-width=\"480\" data-height=\"600\" aria-label=\"\" role=\"img\" ><\/div>\n\t\t\t\t\t\t\t\t\t\t\t<div class=\"elementor-gallery-item__overlay\"><\/div>\n\t\t\t\t\t\t\t\t\t\t\t\t\t\t<\/a>\n\t\t\t\t\t\t\t<a class=\"e-gallery-item elementor-gallery-item elementor-animated-content\" href=\"https:\/\/caderinteriorisme.com\/wp-content\/uploads\/2023\/06\/cader_ig-413n.jpg\" data-elementor-open-lightbox=\"yes\" data-elementor-lightbox-slideshow=\"edf2f38\" data-elementor-lightbox-title=\"cader_ig-413n\" data-e-action-hash=\"#elementor-action%3Aaction%3Dlightbox%26settings%3DeyJpZCI6MTk5LCJ1cmwiOiJodHRwczpcL1wvY2FkZXJpbnRlcmlvcmlzbWUuY29tXC93cC1jb250ZW50XC91cGxvYWRzXC8yMDIzXC8wNlwvY2FkZXJfaWctNDEzbi5qcGciLCJzbGlkZXNob3ciOiJlZGYyZjM4In0%3D\">\n\t\t\t\t\t<div class=\"e-gallery-image elementor-gallery-item__image\" data-thumbnail=\"https:\/\/caderinteriorisme.com\/wp-content\/uploads\/2023\/06\/cader_ig-413n.jpg\" data-width=\"480\" data-height=\"600\" aria-label=\"\" role=\"img\" ><\/div>\n\t\t\t\t\t\t\t\t\t\t\t<div class=\"elementor-gallery-item__overlay\"><\/div>\n\t\t\t\t\t\t\t\t\t\t\t\t\t\t<\/a>\n\t\t\t\t\t\t\t<a class=\"e-gallery-item elementor-gallery-item elementor-animated-content\" href=\"https:\/\/caderinteriorisme.com\/wp-content\/uploads\/2023\/06\/cader_ig-1411n.jpg\" data-elementor-open-lightbox=\"yes\" data-elementor-lightbox-slideshow=\"edf2f38\" data-elementor-lightbox-title=\"cader_ig-1411n\" data-e-action-hash=\"#elementor-action%3Aaction%3Dlightbox%26settings%3DeyJpZCI6MjAwLCJ1cmwiOiJodHRwczpcL1wvY2FkZXJpbnRlcmlvcmlzbWUuY29tXC93cC1jb250ZW50XC91cGxvYWRzXC8yMDIzXC8wNlwvY2FkZXJfaWctMTQxMW4uanBnIiwic2xpZGVzaG93IjoiZWRmMmYzOCJ9\">\n\t\t\t\t\t<div class=\"e-gallery-image elementor-gallery-item__image\" data-thumbnail=\"https:\/\/caderinteriorisme.com\/wp-content\/uploads\/2023\/06\/cader_ig-1411n-1024x1024.jpg\" data-width=\"800\" data-height=\"800\" aria-label=\"\" role=\"img\" ><\/div>\n\t\t\t\t\t\t\t\t\t\t\t<div class=\"elementor-gallery-item__overlay\"><\/div>\n\t\t\t\t\t\t\t\t\t\t\t\t\t\t<\/a>\n\t\t\t\t\t\t\t<a class=\"e-gallery-item elementor-gallery-item elementor-animated-content\" href=\"https:\/\/caderinteriorisme.com\/wp-content\/uploads\/2023\/06\/cader_ig-34124n.jpg\" data-elementor-open-lightbox=\"yes\" data-elementor-lightbox-slideshow=\"edf2f38\" data-elementor-lightbox-title=\"cader_ig-34124n\" data-e-action-hash=\"#elementor-action%3Aaction%3Dlightbox%26settings%3DeyJpZCI6MjAxLCJ1cmwiOiJodHRwczpcL1wvY2FkZXJpbnRlcmlvcmlzbWUuY29tXC93cC1jb250ZW50XC91cGxvYWRzXC8yMDIzXC8wNlwvY2FkZXJfaWctMzQxMjRuLmpwZyIsInNsaWRlc2hvdyI6ImVkZjJmMzgifQ%3D%3D\">\n\t\t\t\t\t<div class=\"e-gallery-image elementor-gallery-item__image\" data-thumbnail=\"https:\/\/caderinteriorisme.com\/wp-content\/uploads\/2023\/06\/cader_ig-34124n.jpg\" data-width=\"480\" data-height=\"600\" aria-label=\"\" role=\"img\" ><\/div>\n\t\t\t\t\t\t\t\t\t\t\t<div class=\"elementor-gallery-item__overlay\"><\/div>\n\t\t\t\t\t\t\t\t\t\t\t\t\t\t<\/a>\n\t\t\t\t\t\t\t<a class=\"e-gallery-item elementor-gallery-item elementor-animated-content\" href=\"https:\/\/caderinteriorisme.com\/wp-content\/uploads\/2023\/06\/cader_ig-244341n.jpg\" data-elementor-open-lightbox=\"yes\" data-elementor-lightbox-slideshow=\"edf2f38\" data-elementor-lightbox-title=\"cader_ig-244341n\" data-e-action-hash=\"#elementor-action%3Aaction%3Dlightbox%26settings%3DeyJpZCI6MjAyLCJ1cmwiOiJodHRwczpcL1wvY2FkZXJpbnRlcmlvcmlzbWUuY29tXC93cC1jb250ZW50XC91cGxvYWRzXC8yMDIzXC8wNlwvY2FkZXJfaWctMjQ0MzQxbi5qcGciLCJzbGlkZXNob3ciOiJlZGYyZjM4In0%3D\">\n\t\t\t\t\t<div class=\"e-gallery-image elementor-gallery-item__image\" data-thumbnail=\"https:\/\/caderinteriorisme.com\/wp-content\/uploads\/2023\/06\/cader_ig-244341n.jpg\" data-width=\"640\" data-height=\"801\" aria-label=\"\" role=\"img\" ><\/div>\n\t\t\t\t\t\t\t\t\t\t\t<div class=\"elementor-gallery-item__overlay\"><\/div>\n\t\t\t\t\t\t\t\t\t\t\t\t\t\t<\/a>\n\t\t\t\t\t\t\t<a class=\"e-gallery-item elementor-gallery-item elementor-animated-content\" href=\"https:\/\/caderinteriorisme.com\/wp-content\/uploads\/2023\/06\/cader_ig-314131n.jpg\" data-elementor-open-lightbox=\"yes\" data-elementor-lightbox-slideshow=\"edf2f38\" data-elementor-lightbox-title=\"cader_ig-314131n\" data-e-action-hash=\"#elementor-action%3Aaction%3Dlightbox%26settings%3DeyJpZCI6MjAzLCJ1cmwiOiJodHRwczpcL1wvY2FkZXJpbnRlcmlvcmlzbWUuY29tXC93cC1jb250ZW50XC91cGxvYWRzXC8yMDIzXC8wNlwvY2FkZXJfaWctMzE0MTMxbi5qcGciLCJzbGlkZXNob3ciOiJlZGYyZjM4In0%3D\">\n\t\t\t\t\t<div class=\"e-gallery-image elementor-gallery-item__image\" data-thumbnail=\"https:\/\/caderinteriorisme.com\/wp-content\/uploads\/2023\/06\/cader_ig-314131n.jpg\" data-width=\"480\" data-height=\"600\" aria-label=\"\" role=\"img\" ><\/div>\n\t\t\t\t\t\t\t\t\t\t\t<div class=\"elementor-gallery-item__overlay\"><\/div>\n\t\t\t\t\t\t\t\t\t\t\t\t\t\t<\/a>\n\t\t\t\t\t\t\t<a class=\"e-gallery-item elementor-gallery-item elementor-animated-content\" href=\"https:\/\/caderinteriorisme.com\/wp-content\/uploads\/2023\/06\/cader_ig-13142413n.jpg\" data-elementor-open-lightbox=\"yes\" data-elementor-lightbox-slideshow=\"edf2f38\" data-elementor-lightbox-title=\"cader_ig-13142413n\" data-e-action-hash=\"#elementor-action%3Aaction%3Dlightbox%26settings%3DeyJpZCI6MjA1LCJ1cmwiOiJodHRwczpcL1wvY2FkZXJpbnRlcmlvcmlzbWUuY29tXC93cC1jb250ZW50XC91cGxvYWRzXC8yMDIzXC8wNlwvY2FkZXJfaWctMTMxNDI0MTNuLmpwZyIsInNsaWRlc2hvdyI6ImVkZjJmMzgifQ%3D%3D\">\n\t\t\t\t\t<div class=\"e-gallery-image elementor-gallery-item__image\" data-thumbnail=\"https:\/\/caderinteriorisme.com\/wp-content\/uploads\/2023\/06\/cader_ig-13142413n-1024x1024.jpg\" data-width=\"800\" data-height=\"800\" aria-label=\"\" role=\"img\" ><\/div>\n\t\t\t\t\t\t\t\t\t\t\t<div class=\"elementor-gallery-item__overlay\"><\/div>\n\t\t\t\t\t\t\t\t\t\t\t\t\t\t<\/a>\n\t\t\t\t\t\t\t<a class=\"e-gallery-item elementor-gallery-item elementor-animated-content\" href=\"https:\/\/caderinteriorisme.com\/wp-content\/uploads\/2023\/06\/cader_ig-14131211n.jpg\" data-elementor-open-lightbox=\"yes\" data-elementor-lightbox-slideshow=\"edf2f38\" data-elementor-lightbox-title=\"cader_ig-14131211n\" data-e-action-hash=\"#elementor-action%3Aaction%3Dlightbox%26settings%3DeyJpZCI6MjA3LCJ1cmwiOiJodHRwczpcL1wvY2FkZXJpbnRlcmlvcmlzbWUuY29tXC93cC1jb250ZW50XC91cGxvYWRzXC8yMDIzXC8wNlwvY2FkZXJfaWctMTQxMzEyMTFuLmpwZyIsInNsaWRlc2hvdyI6ImVkZjJmMzgifQ%3D%3D\">\n\t\t\t\t\t<div class=\"e-gallery-image elementor-gallery-item__image\" data-thumbnail=\"https:\/\/caderinteriorisme.com\/wp-content\/uploads\/2023\/06\/cader_ig-14131211n.jpg\" data-width=\"640\" data-height=\"800\" aria-label=\"\" role=\"img\" ><\/div>\n\t\t\t\t\t\t\t\t\t\t\t<div class=\"elementor-gallery-item__overlay\"><\/div>\n\t\t\t\t\t\t\t\t\t\t\t\t\t\t<\/a>\n\t\t\t\t\t\t\t<a class=\"e-gallery-item elementor-gallery-item elementor-animated-content\" href=\"https:\/\/caderinteriorisme.com\/wp-content\/uploads\/2023\/06\/cader_ig-124112324n.jpg\" data-elementor-open-lightbox=\"yes\" data-elementor-lightbox-slideshow=\"edf2f38\" data-elementor-lightbox-title=\"cader_ig-124112324n\" data-e-action-hash=\"#elementor-action%3Aaction%3Dlightbox%26settings%3DeyJpZCI6MjA4LCJ1cmwiOiJodHRwczpcL1wvY2FkZXJpbnRlcmlvcmlzbWUuY29tXC93cC1jb250ZW50XC91cGxvYWRzXC8yMDIzXC8wNlwvY2FkZXJfaWctMTI0MTEyMzI0bi5qcGciLCJzbGlkZXNob3ciOiJlZGYyZjM4In0%3D\">\n\t\t\t\t\t<div class=\"e-gallery-image elementor-gallery-item__image\" data-thumbnail=\"https:\/\/caderinteriorisme.com\/wp-content\/uploads\/2023\/06\/cader_ig-124112324n.jpg\" data-width=\"640\" data-height=\"800\" aria-label=\"\" role=\"img\" ><\/div>\n\t\t\t\t\t\t\t\t\t\t\t<div class=\"elementor-gallery-item__overlay\"><\/div>\n\t\t\t\t\t\t\t\t\t\t\t\t\t\t<\/a>\n\t\t\t\t\t\t\t<a class=\"e-gallery-item elementor-gallery-item elementor-animated-content\" href=\"https:\/\/caderinteriorisme.com\/wp-content\/uploads\/2023\/06\/cader_ig-241121123n.jpg\" data-elementor-open-lightbox=\"yes\" data-elementor-lightbox-slideshow=\"edf2f38\" data-elementor-lightbox-title=\"cader_ig-241121123n\" data-e-action-hash=\"#elementor-action%3Aaction%3Dlightbox%26settings%3DeyJpZCI6MjA5LCJ1cmwiOiJodHRwczpcL1wvY2FkZXJpbnRlcmlvcmlzbWUuY29tXC93cC1jb250ZW50XC91cGxvYWRzXC8yMDIzXC8wNlwvY2FkZXJfaWctMjQxMTIxMTIzbi5qcGciLCJzbGlkZXNob3ciOiJlZGYyZjM4In0%3D\">\n\t\t\t\t\t<div class=\"e-gallery-image elementor-gallery-item__image\" data-thumbnail=\"https:\/\/caderinteriorisme.com\/wp-content\/uploads\/2023\/06\/cader_ig-241121123n-1024x1024.jpg\" data-width=\"800\" data-height=\"800\" aria-label=\"\" role=\"img\" ><\/div>\n\t\t\t\t\t\t\t\t\t\t\t<div class=\"elementor-gallery-item__overlay\"><\/div>\n\t\t\t\t\t\t\t\t\t\t\t\t\t\t<\/a>\n\t\t\t\t\t\t\t<a class=\"e-gallery-item elementor-gallery-item elementor-animated-content\" href=\"https:\/\/caderinteriorisme.com\/wp-content\/uploads\/2023\/06\/cader_ig-3143231244n.jpg\" data-elementor-open-lightbox=\"yes\" data-elementor-lightbox-slideshow=\"edf2f38\" data-elementor-lightbox-title=\"cader_ig-3143231244n\" data-e-action-hash=\"#elementor-action%3Aaction%3Dlightbox%26settings%3DeyJpZCI6MjEwLCJ1cmwiOiJodHRwczpcL1wvY2FkZXJpbnRlcmlvcmlzbWUuY29tXC93cC1jb250ZW50XC91cGxvYWRzXC8yMDIzXC8wNlwvY2FkZXJfaWctMzE0MzIzMTI0NG4uanBnIiwic2xpZGVzaG93IjoiZWRmMmYzOCJ9\">\n\t\t\t\t\t<div class=\"e-gallery-image elementor-gallery-item__image\" data-thumbnail=\"https:\/\/caderinteriorisme.com\/wp-content\/uploads\/2023\/06\/cader_ig-3143231244n-1024x1024.jpg\" data-width=\"800\" data-height=\"800\" aria-label=\"\" role=\"img\" ><\/div>\n\t\t\t\t\t\t\t\t\t\t\t<div class=\"elementor-gallery-item__overlay\"><\/div>\n\t\t\t\t\t\t\t\t\t\t\t\t\t\t<\/a>\n\t\t\t\t\t\t\t<a class=\"e-gallery-item elementor-gallery-item elementor-animated-content\" href=\"https:\/\/caderinteriorisme.com\/wp-content\/uploads\/2023\/06\/cader_ig-32314131411n.jpg\" data-elementor-open-lightbox=\"yes\" data-elementor-lightbox-slideshow=\"edf2f38\" data-elementor-lightbox-title=\"cader_ig-32314131411n\" data-e-action-hash=\"#elementor-action%3Aaction%3Dlightbox%26settings%3DeyJpZCI6MjExLCJ1cmwiOiJodHRwczpcL1wvY2FkZXJpbnRlcmlvcmlzbWUuY29tXC93cC1jb250ZW50XC91cGxvYWRzXC8yMDIzXC8wNlwvY2FkZXJfaWctMzIzMTQxMzE0MTFuLmpwZyIsInNsaWRlc2hvdyI6ImVkZjJmMzgifQ%3D%3D\">\n\t\t\t\t\t<div class=\"e-gallery-image elementor-gallery-item__image\" data-thumbnail=\"https:\/\/caderinteriorisme.com\/wp-content\/uploads\/2023\/06\/cader_ig-32314131411n.jpg\" data-width=\"480\" data-height=\"600\" aria-label=\"\" role=\"img\" ><\/div>\n\t\t\t\t\t\t\t\t\t\t\t<div class=\"elementor-gallery-item__overlay\"><\/div>\n\t\t\t\t\t\t\t\t\t\t\t\t\t\t<\/a>\n\t\t\t\t\t\t\t<a class=\"e-gallery-item elementor-gallery-item elementor-animated-content\" href=\"https:\/\/caderinteriorisme.com\/wp-content\/uploads\/2023\/06\/cader_ig-244313423131n.jpg\" data-elementor-open-lightbox=\"yes\" data-elementor-lightbox-slideshow=\"edf2f38\" data-elementor-lightbox-title=\"cader_ig-244313423131n\" data-e-action-hash=\"#elementor-action%3Aaction%3Dlightbox%26settings%3DeyJpZCI6MjEyLCJ1cmwiOiJodHRwczpcL1wvY2FkZXJpbnRlcmlvcmlzbWUuY29tXC93cC1jb250ZW50XC91cGxvYWRzXC8yMDIzXC8wNlwvY2FkZXJfaWctMjQ0MzEzNDIzMTMxbi5qcGciLCJzbGlkZXNob3ciOiJlZGYyZjM4In0%3D\">\n\t\t\t\t\t<div class=\"e-gallery-image elementor-gallery-item__image\" data-thumbnail=\"https:\/\/caderinteriorisme.com\/wp-content\/uploads\/2023\/06\/cader_ig-244313423131n.jpg\" data-width=\"640\" data-height=\"800\" aria-label=\"\" role=\"img\" ><\/div>\n\t\t\t\t\t\t\t\t\t\t\t<div class=\"elementor-gallery-item__overlay\"><\/div>\n\t\t\t\t\t\t\t\t\t\t\t\t\t\t<\/a>\n\t\t\t\t\t\t\t<a class=\"e-gallery-item elementor-gallery-item elementor-animated-content\" href=\"https:\/\/caderinteriorisme.com\/wp-content\/uploads\/2023\/06\/cader_ig-312142313141n.jpg\" data-elementor-open-lightbox=\"yes\" data-elementor-lightbox-slideshow=\"edf2f38\" data-elementor-lightbox-title=\"cader_ig-312142313141n\" data-e-action-hash=\"#elementor-action%3Aaction%3Dlightbox%26settings%3DeyJpZCI6MjEzLCJ1cmwiOiJodHRwczpcL1wvY2FkZXJpbnRlcmlvcmlzbWUuY29tXC93cC1jb250ZW50XC91cGxvYWRzXC8yMDIzXC8wNlwvY2FkZXJfaWctMzEyMTQyMzEzMTQxbi5qcGciLCJzbGlkZXNob3ciOiJlZGYyZjM4In0%3D\">\n\t\t\t\t\t<div class=\"e-gallery-image elementor-gallery-item__image\" data-thumbnail=\"https:\/\/caderinteriorisme.com\/wp-content\/uploads\/2023\/06\/cader_ig-312142313141n.jpg\" data-width=\"480\" data-height=\"600\" aria-label=\"\" role=\"img\" ><\/div>\n\t\t\t\t\t\t\t\t\t\t\t<div class=\"elementor-gallery-item__overlay\"><\/div>\n\t\t\t\t\t\t\t\t\t\t\t\t\t\t<\/a>\n\t\t\t\t\t\t\t<a class=\"e-gallery-item elementor-gallery-item elementor-animated-content\" href=\"https:\/\/caderinteriorisme.com\/wp-content\/uploads\/2023\/06\/cader_ig-23123131424114n.jpg\" data-elementor-open-lightbox=\"yes\" data-elementor-lightbox-slideshow=\"edf2f38\" data-elementor-lightbox-title=\"cader_ig-23123131424114n\" data-e-action-hash=\"#elementor-action%3Aaction%3Dlightbox%26settings%3DeyJpZCI6MjE0LCJ1cmwiOiJodHRwczpcL1wvY2FkZXJpbnRlcmlvcmlzbWUuY29tXC93cC1jb250ZW50XC91cGxvYWRzXC8yMDIzXC8wNlwvY2FkZXJfaWctMjMxMjMxMzE0MjQxMTRuLmpwZyIsInNsaWRlc2hvdyI6ImVkZjJmMzgifQ%3D%3D\">\n\t\t\t\t\t<div class=\"e-gallery-image elementor-gallery-item__image\" data-thumbnail=\"https:\/\/caderinteriorisme.com\/wp-content\/uploads\/2023\/06\/cader_ig-23123131424114n.jpg\" data-width=\"640\" data-height=\"800\" aria-label=\"\" role=\"img\" ><\/div>\n\t\t\t\t\t\t\t\t\t\t\t<div class=\"elementor-gallery-item__overlay\"><\/div>\n\t\t\t\t\t\t\t\t\t\t\t\t\t\t<\/a>\n\t\t\t\t\t<\/div>\n\t\t\t\t\t<\/div>\n\t\t\t\t<\/div>\n\t\t\t\t\t<\/div>\n\t\t<\/div>\n\t\t\t\t\t<\/div>\n\t\t<\/section>\n\t\t\t\t<\/div>\n\t\t","protected":false},"excerpt":{"rendered":"<p>BA\u00d1O ACOGEDOR, C\u00c1LIDO Y ACOGEDOR As\u00ed es como nos gustan los ba\u00f1os en Logos. \u00bfY a usted? Tenga lo que tenga en mente, Logos le ayudar\u00e1 a darle vida. Para hacerse una idea, eche un vistazo a algunos de nuestros modelos. Abra su mente a la imaginaci\u00f3n.<\/p>\n","protected":false},"author":1,"featured_media":0,"parent":0,"menu_order":0,"comment_status":"closed","ping_status":"closed","template":"elementor_header_footer","meta":{"footnotes":""},"class_list":["post-194","page","type-page","status-publish","hentry"],"_links":{"self":[{"href":"https:\/\/caderinteriorisme.com\/index.php?rest_route=\/wp\/v2\/pages\/194","targetHints":{"allow":["GET"]}}],"collection":[{"href":"https:\/\/caderinteriorisme.com\/index.php?rest_route=\/wp\/v2\/pages"}],"about":[{"href":"https:\/\/caderinteriorisme.com\/index.php?rest_route=\/wp\/v2\/types\/page"}],"author":[{"embeddable":true,"href":"https:\/\/caderinteriorisme.com\/index.php?rest_route=\/wp\/v2\/users\/1"}],"replies":[{"embeddable":true,"href":"https:\/\/caderinteriorisme.com\/index.php?rest_route=%2Fwp%2Fv2%2Fcomments&post=194"}],"version-history":[{"count":17,"href":"https:\/\/caderinteriorisme.com\/index.php?rest_route=\/wp\/v2\/pages\/194\/revisions"}],"predecessor-version":[{"id":444,"href":"https:\/\/caderinteriorisme.com\/index.php?rest_route=\/wp\/v2\/pages\/194\/revisions\/444"}],"wp:attachment":[{"href":"https:\/\/caderinteriorisme.com\/index.php?rest_route=%2Fwp%2Fv2%2Fmedia&parent=194"}],"curies":[{"name":"wp","href":"https:\/\/api.w.org\/{rel}","templated":true}]}}